{"id":137,"date":"2023-08-28T18:38:52","date_gmt":"2023-08-28T18:38:52","guid":{"rendered":"http:\/\/centmans.com\/index\/?page_id=137"},"modified":"2025-08-26T15:47:38","modified_gmt":"2025-08-26T15:47:38","slug":"137-2","status":"publish","type":"page","link":"http:\/\/centmans.com\/index\/137-2\/","title":{"rendered":""},"content":{"rendered":"\n<pre id=\"tw-target-text\" class=\"wp-block-preformatted has-contrast-2-color has-base-3-background-color has-text-color has-background has-small-font-size\"><strong>Descargo de responsabilidad para Centmans S. Coop.<\/strong><br><br>Toda la informaci\u00f3n contenida en este sitio web, <a href=\"http:\/\/www.centmans.com\/index\"><strong>www.centmans.com<\/strong><\/a>, se publica de buena fe y \u00fanicamente con fines de informaci\u00f3n general. <strong>Centmans<\/strong> no ofrece ninguna garant\u00eda sobre la integridad, confiabilidad y exactitud de esta informaci\u00f3n. Cualquier acci\u00f3n que realice sobre la informaci\u00f3n que encuentre en este sitio web (<em><strong>Centmans<\/strong><\/em>) es estrictamente bajo su propio riesgo. <strong>Centmans<\/strong> no ser\u00e1 responsable de ninguna p\u00e9rdida y\/o da\u00f1o relacionado con el uso de nuestro sitio web.<br><br>Desde nuestro sitio web, puede visitar otros sitios web siguiendo hiperv\u00ednculos a dichos sitios externos. Si bien nos esforzamos por proporcionar \u00fanicamente enlaces de calidad a sitios web \u00fatiles y \u00e9ticos, no tenemos control sobre el contenido ni la naturaleza de estos sitios. Estos enlaces a otros sitios web <strong>no implican una recomendaci\u00f3n<\/strong> para todo el contenido que se encuentra en dichos sitios. Los propietarios y el contenido del sitio pueden cambiar sin previo aviso y pueden ocurrir antes de que tengamos la oportunidad de eliminar un enlace que pueda haber resultado \"malo\".<br><br>Tambi\u00e9n tenga en cuenta que cuando abandona nuestro sitio web, otros sitios pueden tener<strong> pol\u00edticas y t\u00e9rminos de privacidad diferentes<\/strong> que est\u00e1n fuera de nuestro control. Aseg\u00farese de consultar las Pol\u00edticas de privacidad de estos sitios, as\u00ed como sus \"T\u00e9rminos de servicio\" antes de realizar cualquier negocio o cargar cualquier informaci\u00f3n.<br><br>Al utilizar nuestro sitio web, por la presente usted <strong>acepta nuestra exenci\u00f3n de responsabilidad y acepta sus t\u00e9rminos<\/strong>.<br><br>Si actualizamos, modificamos o realizamos cambios en este documento, esos cambios <strong>se publicar\u00e1n de forma destacada aqu\u00ed<\/strong>.<br><br>Si necesita m\u00e1s informaci\u00f3n o tiene alguna pregunta sobre el descargo de responsabilidad de nuestro sitio, no dude en contactarnos por correo electr\u00f3nico a <strong><a href=\"mailto:centmans@gmail.com\">centmans@gmail.com<\/a><\/strong>. <\/pre>\n","protected":false},"excerpt":{"rendered":"<p>Descargo de responsabilidad para Centmans S. Coop.Toda la informaci\u00f3n contenida en este sitio web, www.centmans.com, se publica de buena fe y \u00fanicamente con fines de informaci\u00f3n general. Centmans no ofrece ninguna garant\u00eda sobre la integridad, confiabilidad y exactitud de esta informaci\u00f3n. Cualquier acci\u00f3n que realice sobre la informaci\u00f3n que encuentre en este sitio web (Centmans) &#8230; <a title=\"\" class=\"read-more\" href=\"http:\/\/centmans.com\/index\/137-2\/\" aria-label=\"Read more about \">Leer m\u00e1s<\/a><\/p>\n","protected":false},"author":1,"featured_media":0,"parent":0,"menu_order":0,"comment_status":"closed","ping_status":"closed","template":"","meta":{"footnotes":""},"_links":{"self":[{"href":"http:\/\/centmans.com\/index\/wp-json\/wp\/v2\/pages\/137"}],"collection":[{"href":"http:\/\/centmans.com\/index\/wp-json\/wp\/v2\/pages"}],"about":[{"href":"http:\/\/centmans.com\/index\/wp-json\/wp\/v2\/types\/page"}],"author":[{"embeddable":true,"href":"http:\/\/centmans.com\/index\/wp-json\/wp\/v2\/users\/1"}],"replies":[{"embeddable":true,"href":"http:\/\/centmans.com\/index\/wp-json\/wp\/v2\/comments?post=137"}],"version-history":[{"count":4,"href":"http:\/\/centmans.com\/index\/wp-json\/wp\/v2\/pages\/137\/revisions"}],"predecessor-version":[{"id":333,"href":"http:\/\/centmans.com\/index\/wp-json\/wp\/v2\/pages\/137\/revisions\/333"}],"wp:attachment":[{"href":"http:\/\/centmans.com\/index\/wp-json\/wp\/v2\/media?parent=137"}],"curies":[{"name":"wp","href":"https:\/\/api.w.org\/{rel}","templated":true}]}}