{"id":52,"date":"2023-08-24T17:31:59","date_gmt":"2023-08-24T17:31:59","guid":{"rendered":"http:\/\/centmans.com\/index\/?page_id=52"},"modified":"2025-08-25T15:20:42","modified_gmt":"2025-08-25T15:20:42","slug":"arqueologia","status":"publish","type":"page","link":"https:\/\/centmans.com\/index\/arqueologia\/","title":{"rendered":"Arqueolog\u00eda"},"content":{"rendered":"<div class=\"n2_clear\"><ss3-force-full-width data-overflow-x=\"body\" data-horizontal-selector=\"body\"><div class=\"n2-section-smartslider fitvidsignore  n2_clear\" data-ssid=\"4\"><div id=\"n2-ss-4-align\" class=\"n2-ss-align\"><div class=\"n2-padding\"><div id=\"n2-ss-4\" data-creator=\"Smart Slider 3\" data-responsive=\"fullwidth\" class=\"n2-ss-slider n2-ow n2-has-hover n2notransition  \">\n        <div class=\"n2-ss-slider-1 n2_ss__touch_element n2-ow\">\n            <div class=\"n2-ss-slider-2 n2-ow\">\n                                                    <div class=\"n2-ss-background-animation n2-ow\"><\/div>\n                                <div class=\"n2-ss-slider-3 n2-ow\">\n\n                    <div class=\"n2-ss-slide-backgrounds n2-ow-all\"><div class=\"n2-ss-slide-background\" data-public-id=\"1\" data-mode=\"fill\"><div class=\"n2-ss-slide-background-image\" data-blur=\"1\" data-opacity=\"40\" data-x=\"48\" data-y=\"47\" data-alt=\"\" data-title=\"\" style=\"opacity:0.4;--ss-o-pos-x:48%;--ss-o-pos-y:47%\"><picture class=\"skip-lazy\" data-skip-lazy=\"1\"><img decoding=\"async\" src=\"\/\/centmans.com\/index\/wp-content\/uploads\/2023\/08\/AF8515.jpg\" alt=\"\" title=\"\" loading=\"lazy\" class=\"skip-lazy\" data-skip-lazy=\"1\"><\/picture><\/div><div data-color=\"RGBA(0,0,0,1)\" style=\"background-color: RGBA(0,0,0,1);\" class=\"n2-ss-slide-background-color\"><\/div><\/div><\/div>                    <div class=\"n2-ss-slider-4 n2-ow\">\n                        <svg xmlns=\"http:\/\/www.w3.org\/2000\/svg\" viewBox=\"0 0 1920 800\" data-related-device=\"desktopPortrait\" class=\"n2-ow n2-ss-preserve-size n2-ss-preserve-size--slider n2-ss-slide-limiter\"><\/svg><div data-first=\"1\" data-slide-duration=\"0\" data-id=\"22\" data-slide-public-id=\"1\" data-title=\"AC4382-1\" class=\"n2-ss-slide n2-ow  n2-ss-slide-22\"><div role=\"note\" class=\"n2-ss-slide--focus\" tabindex=\"-1\">AC4382-1<\/div><div class=\"n2-ss-layers-container n2-ss-slide-limiter n2-ow\"><div class=\"n2-ss-layer n2-ow n-uc-Fi8fz7bydITO\" data-sstype=\"slide\" data-pm=\"default\"><div class=\"n2-ss-layer n2-ow n-uc-pyJvj4HYqw4W\" data-pm=\"default\" data-sstype=\"content\" data-hasbackground=\"0\"><div class=\"n2-ss-section-main-content n2-ss-layer-with-background n2-ss-layer-content n2-ow n-uc-pyJvj4HYqw4W-inner\"><div class=\"n2-ss-layer n2-ow n2-ss-layer--block n2-ss-has-self-align n-uc-1a5f652df8a7c\" data-pm=\"normal\" data-sstype=\"row\"><div class=\"n2-ss-layer-row n2-ss-layer-with-background n-uc-1a5f652df8a7c-inner\"><div class=\"n2-ss-layer-row-inner \"><div class=\"n2-ss-layer n2-ow n-uc-14b0e6cf43362\" data-pm=\"default\" data-sstype=\"col\"><div class=\"n2-ss-layer-col n2-ss-layer-with-background n2-ss-layer-content n-uc-14b0e6cf43362-inner\"><div class=\"n2-ss-layer n2-ow n-uc-3xysUWvn9Ild\" data-pm=\"normal\" data-sstype=\"layer\"><div id=\"n2-ss-4item1\" class=\"  n2-ss-item-content n2-ss-text n2-ow\" style=\"display:block;white-space:nowrap;\"><a class=\"n2-ow n2-font-b9a684d1182854be017fee311c0304d0-hover \" style=\"display:block;\" href=\"http:\/\/centmans.com\/index\/arqueologia\/\">Arqueolog\u00eda<\/a><\/div><\/div><\/div><\/div><div class=\"n2-ss-layer n2-ow n-uc-179c6d10f2505\" data-pm=\"default\" data-sstype=\"col\"><div class=\"n2-ss-layer-col n2-ss-layer-with-background n2-ss-layer-content n-uc-179c6d10f2505-inner\"><div class=\"n2-ss-layer n2-ow n-uc-FL4FDfjXL9Cw\" data-pm=\"normal\" data-sstype=\"layer\"><div class=\" n2-ss-item-image-content n2-ss-item-content n2-ow-all\"><a href=\"http:\/\/centmans.com\/index\/arqueologia\/\"><img loading=\"lazy\" decoding=\"async\" id=\"n2-ss-4item2\" alt=\"\" class=\"skip-lazy\" width=\"1076\" height=\"1087\" data-skip-lazy=\"1\" src=\"\/\/centmans.com\/index\/wp-content\/uploads\/2023\/08\/imago-WWW.png\" \/><\/a><\/div><\/div><\/div><\/div><\/div><\/div><\/div><div class=\"n2-ss-layer n2-ow n-uc-xBA6Oxjw15HZ\" data-pm=\"normal\" data-sstype=\"layer\"><div class=\"n2-ss-item-content n2-ss-text n2-ow-all\"><div class=\"\"><p class=\"n2-font-b4b52194f542ec598eb8ccfbbe98c621-paragraph   \">En <a href=\"http:\/\/centmans.com\/index\/quienes-somos\/\"><b>CENTMANS<\/b><\/a> desarrollamos proyectos arqueol\u00f3gicos orientados a la investigaci\u00f3n, documentaci\u00f3n y conservaci\u00f3n del patrimonio. Llevamos a cabo intervenciones en campo, estudios hist\u00f3rico-arqueol\u00f3gicos y seguimientos de obra civil, garantizando siempre un equilibrio entre desarrollo contempor\u00e1neo y preservaci\u00f3n de la memoria hist\u00f3rica.<\/p>\n<\/div><\/div><\/div><div class=\"n2-ss-layer n2-ow n-uc-149f9cf23f2f0\" data-pm=\"normal\" data-sstype=\"layer\"><div class=\"n2-ss-item-content n2-ss-text n2-ow-all\"><div class=\"\"><p class=\"n2-font-b4b52194f542ec598eb8ccfbbe98c621-paragraph   \"><b><br \/>\nNuestros servicios:<\/b><br \/>\n<br \/>\n<b>\u2022\tINTERVENCIONES ARQUEOL\u00d3GICAS<\/b><br \/>\nNuestro equipo realiza excavaciones y prospecciones arqueol\u00f3gicas en distintos contextos, urbanos y rurales. Cada intervenci\u00f3n se lleva a cabo con metodolog\u00eda cient\u00edfica, documentaci\u00f3n rigurosa y criterios de conservaci\u00f3n preventiva, asegurando la correcta gesti\u00f3n de los hallazgos.<br \/>\n<b><br \/>\u2022\tESTUDIOS ARQUEOL\u00d3GICOS<br \/>\n<\/b>Elaboramos estudios hist\u00f3rico-arqueol\u00f3gicos y descriptivos de bienes patrimoniales que combinan investigaci\u00f3n documental, an\u00e1lisis estratigr\u00e1fico, estudios materiales y recursos tecnol\u00f3gicos (fotogrametr\u00eda, SIG, esc\u00e1ner 3D). Estos informes aportan una visi\u00f3n global y fundamentada para la comprensi\u00f3n y protecci\u00f3n de los bienes culturales.<\/p>\n<p class=\"n2-font-b4b52194f542ec598eb8ccfbbe98c621-paragraph   \">\n<b><br \/>\u2022\tSEGUIMIENTOS DE OBRA CIVIL<br \/>\n<\/b>Asesoramos y acompa\u00f1amos proyectos de infraestructuras y construcci\u00f3n mediante seguimientos arqueol\u00f3gicos en obra. Nuestro trabajo permite detectar, documentar y proteger posibles hallazgos, garantizando la compatibilidad entre el desarrollo urban\u00edstico y la preservaci\u00f3n del patrimonio.<\/p>\n<\/div><\/div><\/div><div class=\"n2-ss-layer n2-ow n-uc-xPpXFKXRRrJ2\" style=\"overflow:hidden;\" data-pm=\"normal\" data-sstype=\"layer\"><div class=\" n2-ss-item-image-content n2-ss-item-content n2-ow-all\"><img loading=\"lazy\" decoding=\"async\" id=\"n2-ss-4item5\" alt=\"\" class=\"skip-lazy\" width=\"1200\" height=\"1600\" data-skip-lazy=\"1\" src=\"\/\/centmans.com\/index\/wp-content\/uploads\/2023\/09\/1693386861121.jpg\" \/><\/div><\/div><div class=\"n2-ss-layer n2-ow n2-ss-layer--block n2-ss-has-self-align n2-ss-stretch-layer n-uc-16ee6d65e93ec\" data-pm=\"normal\" data-sstype=\"row\"><div class=\"n2-ss-layer-row n2-ss-layer-with-background n-uc-16ee6d65e93ec-inner\"><div class=\"n2-ss-layer-row-inner \"><div class=\"n2-ss-layer n2-ow n-uc-1b318de340011\" data-pm=\"default\" data-sstype=\"col\"><div class=\"n2-ss-layer-col n2-ss-layer-with-background n2-ss-layer-content n-uc-1b318de340011-inner\"><div class=\"n2-ss-layer n2-ow n-uc-18e7592b216d9\" data-pm=\"normal\" data-sstype=\"layer\"><div class=\"n2-ss-item-content n2-ss-text n2-ow-all\"><div class=\"\"><p class=\"n2-font-b4b52194f542ec598eb8ccfbbe98c621-paragraph   \"><b>Por qu\u00e9 elegirnos:<br \/>\n<\/b><br \/>\n<b>Rigor cient\u00edfico:<\/b> unimos rigurosidad cient\u00edfica, experiencia profesional y compromiso con el patrimonio. Nuestro equipo aplica metodolog\u00edas actualizadas y contrastadas, lo que asegura que cada intervenci\u00f3n se realice con la m\u00e1xima calidad t\u00e9cnica.<br \/>\n<br \/><b>Gesti\u00f3n integral: <\/b>ofrecemos soluciones que abarcan desde la prospecci\u00f3n inicial y la investigaci\u00f3n documental hasta la documentaci\u00f3n final y la difusi\u00f3n de resultados, facilitando a administraciones y empresas soluciones completas y eficientes.<br \/>\n<br \/>\n<b>Innovaci\u00f3n tecnol\u00f3gica: <\/b>integramos de manera habitual tecnolog\u00edas avanzadas como la fotogrametr\u00eda, los Sistemas de Informaci\u00f3n Geogr\u00e1fica y el esc\u00e1ner 3D, que nos permiten registrar con precisi\u00f3n, analizar en profundidad y ofrecer productos de alto valor a\u00f1adido para la gesti\u00f3n patrimonial.<\/p>\n<\/div><\/div><\/div><\/div><\/div><div class=\"n2-ss-layer n2-ow n-uc-13f5cc029f738\" data-pm=\"default\" data-sstype=\"col\"><div class=\"n2-ss-layer-col n2-ss-layer-with-background n2-ss-layer-content n-uc-13f5cc029f738-inner\"><div class=\"n2-ss-layer n2-ow n-uc-12cfe4e966554\" data-pm=\"normal\" data-sstype=\"layer\"><div class=\" n2-ss-item-image-content n2-ss-item-content n2-ow-all\"><img loading=\"lazy\" decoding=\"async\" id=\"n2-ss-4item7\" alt=\"\" class=\"skip-lazy\" width=\"1700\" height=\"2560\" data-skip-lazy=\"1\" src=\"\/\/centmans.com\/index\/wp-content\/uploads\/2023\/09\/recu25-scaled.jpg\" \/><\/div><\/div><\/div><\/div><\/div><\/div><\/div><div class=\"n2-ss-layer n2-ow n2-ss-layer--block n2-ss-has-self-align n2-ss-stretch-layer n-uc-1e8bb915cff33\" data-pm=\"normal\" data-sstype=\"row\"><div class=\"n2-ss-layer-row n2-ss-layer-with-background n-uc-1e8bb915cff33-inner\"><div class=\"n2-ss-layer-row-inner \"><div class=\"n2-ss-layer n2-ow n-uc-1f65d11da6604\" data-pm=\"default\" data-sstype=\"col\"><div class=\"n2-ss-layer-col n2-ss-layer-with-background n2-ss-layer-content n-uc-1f65d11da6604-inner\"><div class=\"n2-ss-layer n2-ow n-uc-ymdH6HIX4IOK\" data-pm=\"normal\" data-sstype=\"layer\"><div class=\" n2-ss-item-image-content n2-ss-item-content n2-ow-all\"><img loading=\"lazy\" decoding=\"async\" id=\"n2-ss-4item8\" alt=\"\" class=\"skip-lazy\" width=\"1536\" height=\"2048\" data-skip-lazy=\"1\" src=\"\/\/centmans.com\/index\/wp-content\/uploads\/2023\/09\/IMG-20230221-WA0011.jpg\" \/><\/div><\/div><div class=\"n2-ss-layer n2-ow n-uc-Nt6HZjHrRsb9\" data-pm=\"normal\" data-sstype=\"layer\"><div class=\" n2-ss-item-image-content n2-ss-item-content n2-ow-all\"><img loading=\"lazy\" decoding=\"async\" id=\"n2-ss-4item9\" alt=\"\" class=\"skip-lazy\" width=\"1600\" height=\"1200\" data-skip-lazy=\"1\" src=\"\/\/centmans.com\/index\/wp-content\/uploads\/2025\/08\/vsHorus.jpg\" \/><\/div><\/div><div class=\"n2-ss-layer n2-ow n-uc-9MbMBz8Q9SFd\" data-pm=\"normal\" data-sstype=\"layer\"><div class=\" n2-ss-item-image-content n2-ss-item-content n2-ow-all\"><img loading=\"lazy\" decoding=\"async\" id=\"n2-ss-4item10\" alt=\"\" class=\"skip-lazy\" width=\"2560\" height=\"1920\" data-skip-lazy=\"1\" src=\"\/\/centmans.com\/index\/wp-content\/uploads\/2023\/09\/P5290336-scaled.jpg\" \/><\/div><\/div><div class=\"n2-ss-layer n2-ow n-uc-XX0smCtCeFYz\" data-pm=\"normal\" data-sstype=\"layer\"><div class=\" n2-ss-item-image-content n2-ss-item-content n2-ow-all\"><img loading=\"lazy\" decoding=\"async\" id=\"n2-ss-4item11\" alt=\"\" class=\"skip-lazy\" width=\"1200\" height=\"1600\" data-skip-lazy=\"1\" src=\"\/\/centmans.com\/index\/wp-content\/uploads\/2023\/09\/1693386861088-1.jpg\" \/><\/div><\/div><\/div><\/div><div class=\"n2-ss-layer n2-ow n-uc-176a07c625b70\" data-pm=\"default\" data-sstype=\"col\"><div class=\"n2-ss-layer-col n2-ss-layer-with-background n2-ss-layer-content n-uc-176a07c625b70-inner\"><div class=\"n2-ss-layer n2-ow n-uc-3rgDjcYyKXyu\" data-pm=\"normal\" data-sstype=\"layer\"><div class=\" n2-ss-item-image-content n2-ss-item-content n2-ow-all\"><img loading=\"lazy\" decoding=\"async\" id=\"n2-ss-4item12\" alt=\"\" class=\"skip-lazy\" width=\"2560\" height=\"1920\" data-skip-lazy=\"1\" src=\"\/\/centmans.com\/index\/wp-content\/uploads\/2023\/09\/can-pere-arabi-scaled.jpg\" \/><\/div><\/div><div class=\"n2-ss-layer n2-ow n-uc-l1A7KnraQzkb\" data-pm=\"normal\" data-sstype=\"layer\"><div class=\" n2-ss-item-image-content n2-ss-item-content n2-ow-all\"><img loading=\"lazy\" decoding=\"async\" id=\"n2-ss-4item13\" alt=\"\" class=\"skip-lazy\" width=\"1196\" height=\"1600\" data-skip-lazy=\"1\" src=\"\/\/centmans.com\/index\/wp-content\/uploads\/2023\/09\/1693388034720.jpg\" \/><\/div><\/div><div class=\"n2-ss-layer n2-ow n-uc-r7MgJlBULF7h\" data-pm=\"normal\" data-sstype=\"layer\"><div class=\" n2-ss-item-image-content n2-ss-item-content n2-ow-all\"><img loading=\"lazy\" decoding=\"async\" id=\"n2-ss-4item14\" alt=\"\" class=\"skip-lazy\" width=\"2560\" height=\"1707\" data-skip-lazy=\"1\" src=\"\/\/centmans.com\/index\/wp-content\/uploads\/2023\/09\/DSC_0458-scaled.jpg\" \/><\/div><\/div><div class=\"n2-ss-layer n2-ow n-uc-kR4PhZuuJky4\" data-pm=\"normal\" data-sstype=\"layer\"><div class=\" n2-ss-item-image-content n2-ss-item-content n2-ow-all\"><img loading=\"lazy\" decoding=\"async\" id=\"n2-ss-4item15\" alt=\"\" class=\"skip-lazy\" width=\"2560\" height=\"1920\" data-skip-lazy=\"1\" src=\"\/\/centmans.com\/index\/wp-content\/uploads\/2023\/09\/PC160301-scaled.jpg\" \/><\/div><\/div><div class=\"n2-ss-layer n2-ow n-uc-tDco76C0IhE3\" data-pm=\"normal\" data-sstype=\"layer\"><div class=\" n2-ss-item-image-content n2-ss-item-content n2-ow-all\"><img loading=\"lazy\" decoding=\"async\" id=\"n2-ss-4item16\" alt=\"\" class=\"skip-lazy\" width=\"1200\" height=\"1600\" data-skip-lazy=\"1\" src=\"\/\/centmans.com\/index\/wp-content\/uploads\/2023\/09\/1693386620279.jpg\" \/><\/div><\/div><\/div><\/div><\/div><\/div><\/div><div class=\"n2-ss-layer n2-ow n-uc-vJabZ77hJ2uA\" data-pm=\"normal\" data-sstype=\"layer\"><div class=\" n2-ss-item-image-content n2-ss-item-content n2-ow-all\"><img loading=\"lazy\" decoding=\"async\" id=\"n2-ss-4item17\" alt=\"\" class=\"skip-lazy\" width=\"750\" height=\"82\" data-skip-lazy=\"1\" src=\"\/\/centmans.com\/index\/wp-content\/uploads\/2023\/09\/separador.png\" \/><\/div><\/div><div class=\"n2-ss-layer n2-ow n-uc-1ccb7bf29bfa0\" data-pm=\"normal\" data-sstype=\"layer\"><div class=\"n2-ss-item-content n2-ss-text n2-ow-all\"><div class=\"\"><\/div><\/div><\/div><div class=\"n2-ss-layer n2-ow n-uc-19e5fb072297a\" data-pm=\"normal\" data-sstype=\"layer\"><div class=\"n2-ss-item-content n2-ss-text n2-ow-all\"><div class=\"\"><p class=\"n2-font-df3f47770b1b36da69210d8aa16b27c5-paragraph   \">Contacta con <a href=\"http:\/\/centmans.com\/index\/quienes-somos\/\">CENTMANS<\/a> para obtener m\u00e1s informaci\u00f3n, requerir alguno de nuestros servicios, colaborar en proyectos o ser parte de nuestro esfuerzo conjunto por la cultura.<br \/>\n<i><a href=\"mailto:info@centmans.com\">info@centmans.com<\/a><\/i><\/p>\n<\/div><\/div><\/div><div class=\"n2-ss-layer n2-ow n-uc-177491c9a4300\" data-pm=\"normal\" data-sstype=\"layer\"><div class=\" n2-ss-item-image-content n2-ss-item-content n2-ow-all\"><a href=\"http:\/\/centmans.com\/index\/quienes-somos\/\"><img loading=\"lazy\" decoding=\"async\" id=\"n2-ss-4item20\" alt=\"\" class=\"skip-lazy\" width=\"1076\" height=\"1087\" data-skip-lazy=\"1\" src=\"\/\/centmans.com\/index\/wp-content\/uploads\/2023\/08\/imago-WWW.png\" \/><\/a><\/div><\/div><\/div><\/div><\/div><\/div><\/div>                    <\/div>\n\n                                    <\/div>\n            <\/div>\n        <\/div>\n        <\/div><ss3-loader><\/ss3-loader><\/div><\/div><div class=\"n2_clear\"><\/div><\/div><\/ss3-force-full-width><\/div>","protected":false},"excerpt":{"rendered":"","protected":false},"author":1,"featured_media":0,"parent":0,"menu_order":0,"comment_status":"closed","ping_status":"closed","template":"","meta":{"footnotes":""},"_links":{"self":[{"href":"https:\/\/centmans.com\/index\/wp-json\/wp\/v2\/pages\/52"}],"collection":[{"href":"https:\/\/centmans.com\/index\/wp-json\/wp\/v2\/pages"}],"about":[{"href":"https:\/\/centmans.com\/index\/wp-json\/wp\/v2\/types\/page"}],"author":[{"embeddable":true,"href":"https:\/\/centmans.com\/index\/wp-json\/wp\/v2\/users\/1"}],"replies":[{"embeddable":true,"href":"https:\/\/centmans.com\/index\/wp-json\/wp\/v2\/comments?post=52"}],"version-history":[{"count":5,"href":"https:\/\/centmans.com\/index\/wp-json\/wp\/v2\/pages\/52\/revisions"}],"predecessor-version":[{"id":160,"href":"https:\/\/centmans.com\/index\/wp-json\/wp\/v2\/pages\/52\/revisions\/160"}],"wp:attachment":[{"href":"https:\/\/centmans.com\/index\/wp-json\/wp\/v2\/media?parent=52"}],"curies":[{"name":"wp","href":"https:\/\/api.w.org\/{rel}","templated":true}]}}