{"id":53,"date":"2023-08-24T17:31:59","date_gmt":"2023-08-24T17:31:59","guid":{"rendered":"http:\/\/centmans.com\/index\/?page_id=53"},"modified":"2023-09-08T14:47:18","modified_gmt":"2023-09-08T14:47:18","slug":"restauracion","status":"publish","type":"page","link":"https:\/\/centmans.com\/index\/restauracion\/","title":{"rendered":"Restauraci\u00f3n"},"content":{"rendered":"<div class=\"n2_clear\"><ss3-force-full-width data-overflow-x=\"body\" data-horizontal-selector=\"body\"><div class=\"n2-section-smartslider fitvidsignore  n2_clear\" data-ssid=\"5\"><div id=\"n2-ss-5-align\" class=\"n2-ss-align\"><div class=\"n2-padding\"><div id=\"n2-ss-5\" data-creator=\"Smart Slider 3\" data-responsive=\"fullwidth\" class=\"n2-ss-slider n2-ow n2-has-hover n2notransition  \">\n        <div class=\"n2-ss-slider-1 n2_ss__touch_element n2-ow\">\n            <div class=\"n2-ss-slider-2 n2-ow\">\n                                                    <div class=\"n2-ss-background-animation n2-ow\"><\/div>\n                                <div class=\"n2-ss-slider-3 n2-ow\">\n\n                    <div class=\"n2-ss-slide-backgrounds n2-ow-all\"><div class=\"n2-ss-slide-background\" data-public-id=\"1\" data-mode=\"fill\"><div class=\"n2-ss-slide-background-image\" data-blur=\"1\" data-opacity=\"40\" data-x=\"48\" data-y=\"47\" data-alt=\"\" data-title=\"\" style=\"opacity:0.4;--ss-o-pos-x:48%;--ss-o-pos-y:47%\"><picture class=\"skip-lazy\" data-skip-lazy=\"1\"><img decoding=\"async\" src=\"\/\/centmans.com\/index\/wp-content\/uploads\/2023\/09\/1693386620279-copia.jpg\" alt=\"\" title=\"\" loading=\"lazy\" class=\"skip-lazy\" data-skip-lazy=\"1\"><\/picture><\/div><div data-color=\"RGBA(0,0,0,1)\" style=\"background-color: RGBA(0,0,0,1);\" class=\"n2-ss-slide-background-color\"><\/div><\/div><\/div>                    <div class=\"n2-ss-slider-4 n2-ow\">\n                        <svg xmlns=\"http:\/\/www.w3.org\/2000\/svg\" viewBox=\"0 0 1920 800\" data-related-device=\"desktopPortrait\" class=\"n2-ow n2-ss-preserve-size n2-ss-preserve-size--slider n2-ss-slide-limiter\"><\/svg><div data-first=\"1\" data-slide-duration=\"0\" data-id=\"28\" data-slide-public-id=\"1\" data-title=\"AC4382-1\" class=\"n2-ss-slide n2-ow  n2-ss-slide-28\"><div role=\"note\" class=\"n2-ss-slide--focus\" tabindex=\"-1\">AC4382-1<\/div><div class=\"n2-ss-layers-container n2-ss-slide-limiter n2-ow\"><div class=\"n2-ss-layer n2-ow n-uc-doMRYyghjJUD\" data-sstype=\"slide\" data-pm=\"default\"><div class=\"n2-ss-layer n2-ow n-uc-ZU0BU51aoRXe\" data-pm=\"default\" data-sstype=\"content\" data-hasbackground=\"0\"><div class=\"n2-ss-section-main-content n2-ss-layer-with-background n2-ss-layer-content n2-ow n-uc-ZU0BU51aoRXe-inner\"><div class=\"n2-ss-layer n2-ow n2-ss-layer--block n2-ss-has-self-align n-uc-zf50NsJcmPxv\" data-pm=\"normal\" data-sstype=\"row\"><div class=\"n2-ss-layer-row n2-ss-layer-with-background n-uc-zf50NsJcmPxv-inner\"><div class=\"n2-ss-layer-row-inner \"><div class=\"n2-ss-layer n2-ow n-uc-Ppnrje3Hwp86\" data-pm=\"default\" data-sstype=\"col\"><div class=\"n2-ss-layer-col n2-ss-layer-with-background n2-ss-layer-content n-uc-Ppnrje3Hwp86-inner\"><div class=\"n2-ss-layer n2-ow n-uc-SOOSQFgKaAxP\" data-pm=\"normal\" data-sstype=\"layer\"><div id=\"n2-ss-5item1\" class=\"  n2-ss-item-content n2-ss-text n2-ow\" style=\"display:block;white-space:nowrap;\"><a class=\"n2-ow n2-font-b9a684d1182854be017fee311c0304d0-hover \" style=\"display:block;\" href=\"http:\/\/centmans.com\/index\/arqueologia\/\">Restauraci\u00f3n<\/a><\/div><\/div><\/div><\/div><div class=\"n2-ss-layer n2-ow n-uc-5GXFHxDf0L6p\" data-pm=\"default\" data-sstype=\"col\"><div class=\"n2-ss-layer-col n2-ss-layer-with-background n2-ss-layer-content n-uc-5GXFHxDf0L6p-inner\"><div class=\"n2-ss-layer n2-ow n-uc-RURTxK0OCUNA\" data-pm=\"normal\" data-sstype=\"layer\"><div class=\" n2-ss-item-image-content n2-ss-item-content n2-ow-all\"><a href=\"http:\/\/centmans.com\/index\/restauracion\/\"><img loading=\"lazy\" decoding=\"async\" id=\"n2-ss-5item2\" alt=\"\" class=\"skip-lazy\" width=\"1076\" height=\"1087\" data-skip-lazy=\"1\" src=\"\/\/centmans.com\/index\/wp-content\/uploads\/2023\/08\/imago-WWW.png\" \/><\/a><\/div><\/div><\/div><\/div><\/div><\/div><\/div><div class=\"n2-ss-layer n2-ow n-uc-SrRM7Ko0W7mn\" data-pm=\"normal\" data-sstype=\"layer\"><div class=\"n2-ss-item-content n2-ss-text n2-ow-all\"><div class=\"\"><p class=\"n2-font-b4b52194f542ec598eb8ccfbbe98c621-paragraph   \">En <b><a href=\"http:\/\/centmans.com\/index\/quienes-somos\/\"><b>CENTMANS<\/b><\/a><\/b> abordamos la conservaci\u00f3n y restauraci\u00f3n del patrimonio desde un enfoque cient\u00edfico y multidisciplinar. Nuestro equipo cuenta con experiencia en distintos soportes y t\u00e9cnicas, y trabaja en constante actualizaci\u00f3n metodol\u00f3gica, en coordinaci\u00f3n con especialistas de \u00e1reas afines, lo que nos permite ofrecer soluciones s\u00f3lidas, adaptadas y sostenibles.<br \/>\nEstamos especializados en intervenciones en metal, vidrio y material p\u00e9treo, pero tambi\u00e9n contamos con una amplia trayectoria en la restauraci\u00f3n de materiales arqueol\u00f3gicos, esculturas de gran formato, patrimonio arquitect\u00f3nico y elementos etnol\u00f3gicos.<\/p>\n<\/div><\/div><\/div><div class=\"n2-ss-layer n2-ow n-uc-M6UmwXiCDE63\" style=\"overflow:hidden;\" data-pm=\"normal\" data-sstype=\"layer\"><div class=\" n2-ss-item-image-content n2-ss-item-content n2-ow-all\"><img loading=\"lazy\" decoding=\"async\" id=\"n2-ss-5item4\" alt=\"\" class=\"skip-lazy\" width=\"2560\" height=\"1920\" data-skip-lazy=\"1\" src=\"\/\/centmans.com\/index\/wp-content\/uploads\/2023\/09\/P1040390-scaled.jpg\" \/><\/div><\/div><div class=\"n2-ss-layer n2-ow n-uc-j72Ao7a5pknu\" data-pm=\"normal\" data-sstype=\"layer\"><div class=\"n2-ss-item-content n2-ss-text n2-ow-all\"><div class=\"\"><p class=\"n2-font-b4b52194f542ec598eb8ccfbbe98c621-paragraph   \"><b>Nuestros servicios especializados:<br \/>\n<\/b><b><br \/>\u2022\tRESTAURACI\u00d3N DE MATERIALES ARQUEOL\u00d3GICOS<\/b><br \/>\nDisponemos de laboratorio propio, completamente equipado para tratamientos de conservaci\u00f3n y restauraci\u00f3n de metales (bronce, hierro, plomo, plata), vidrio, hueso, cer\u00e1mica y material org\u00e1nico. Cada pieza se interviene con protocolos de estabilizaci\u00f3n y documentaci\u00f3n rigurosa.<br \/>\n<b><br \/>\u2022\tINTERVENCIONES IN SITU<\/b><br \/>\nEjecutamos proyectos en yacimientos y contextos hist\u00f3ricos, tanto en estructuras y elementos inmuebles como en la extracci\u00f3n y consolidaci\u00f3n de piezas delicadas.<br \/>\n<b><br \/>\u2022\tINTERVENCIONES EN PATRIMONIO ARQUITECT\u00d3NICO<\/b><br \/>\nColaboramos en la conservaci\u00f3n de edificios y estructuras hist\u00f3ricas, aplicando t\u00e9cnicas tradicionales junto con materiales innovadores y contrastados, siempre compatibles con los originales.<br \/>\n<b><br \/>\u2022\tARTE CONTEMPOR\u00c1NEO<\/b><br \/>\nDesarrollamos planes integrales de conservaci\u00f3n y restauraci\u00f3n de esculturas de gran formato, as\u00ed como programas de mantenimiento de obras en exterior, en coordinaci\u00f3n con instituciones y colecciones p\u00fablicas y privadas.<br \/>\n<b><br \/>\u2022\tESPECIALIZACI\u00d3N EN VIDRIO Y METALES<\/b><br \/>\nNuestro equipo cuenta con una amplia trayectoria investigadora y pr\u00e1ctica en la conservaci\u00f3n de estos materiales, aplicando t\u00e9cnicas avanzadas y adaptadas a los retos de cada pieza.<br \/>\n<b><br \/>\u2022\tCONSERVACI\u00d3N PREVENTIVA<\/b><br \/>\nDise\u00f1amos y aplicamos planes de conservaci\u00f3n preventiva en museos, exposiciones, almacenes y salas de reserva. Estos incluyen medidas de control ambiental, manipulaci\u00f3n, embalaje y protocolos de mantenimiento para prevenir el deterioro futuro.<\/p>\n<\/div><\/div><\/div><div class=\"n2-ss-layer n2-ow n-uc-q5njKvMDFXGp\" data-pm=\"normal\" data-sstype=\"layer\"><div class=\" n2-ss-item-image-content n2-ss-item-content n2-ow-all\"><img loading=\"lazy\" decoding=\"async\" id=\"n2-ss-5item6\" alt=\"\" class=\"skip-lazy\" width=\"750\" height=\"82\" data-skip-lazy=\"1\" src=\"\/\/centmans.com\/index\/wp-content\/uploads\/2023\/09\/separador2.png\" \/><\/div><\/div><div class=\"n2-ss-layer n2-ow n2-ss-layer--block n2-ss-has-self-align n2-ss-stretch-layer n-uc-zg6vkwXjLCtu\" data-pm=\"normal\" data-sstype=\"row\"><div class=\"n2-ss-layer-row n2-ss-layer-with-background n-uc-zg6vkwXjLCtu-inner\"><div class=\"n2-ss-layer-row-inner \"><div class=\"n2-ss-layer n2-ow n-uc-Uu0m7LHZ3X1P\" data-pm=\"default\" data-sstype=\"col\"><div class=\"n2-ss-layer-col n2-ss-layer-with-background n2-ss-layer-content n-uc-Uu0m7LHZ3X1P-inner\"><div class=\"n2-ss-layer n2-ow n-uc-EVvNitmhclkm\" data-pm=\"normal\" data-sstype=\"layer\"><div class=\" n2-ss-item-image-content n2-ss-item-content n2-ow-all\"><img loading=\"lazy\" decoding=\"async\" id=\"n2-ss-5item7\" alt=\"\" class=\"skip-lazy\" width=\"999\" height=\"771\" data-skip-lazy=\"1\" src=\"\/\/centmans.com\/index\/wp-content\/uploads\/2023\/09\/VB7R5596c.jpg\" \/><\/div><\/div><\/div><\/div><div class=\"n2-ss-layer n2-ow n-uc-CHDJvMw7ysHa\" data-pm=\"default\" data-sstype=\"col\"><div class=\"n2-ss-layer-col n2-ss-layer-with-background n2-ss-layer-content n-uc-CHDJvMw7ysHa-inner\"><div class=\"n2-ss-layer n2-ow n-uc-CuzaHrpNRwuU\" data-pm=\"normal\" data-sstype=\"layer\"><div class=\"n2-ss-item-content n2-ss-text n2-ow-all\"><div class=\"\"><p class=\"n2-font-b4b52194f542ec598eb8ccfbbe98c621-paragraph   \"><b>Por qu\u00e9 elegirnos:<br \/>\n<\/b><br \/><b>Experiencia t\u00e9cnica: <\/b>combinamos experiencia, innovaci\u00f3n y compromiso con la preservaci\u00f3n del patrimonio. Nuestros restauradores aplican metodolog\u00edas cient\u00edficas y criterios internacionales de conservaci\u00f3n, lo que asegura intervenciones respetuosas y duraderas.<br \/>\n<b><br \/>Enfoque integral:<\/b> abarcamos desde el diagn\u00f3stico inicial y la intervenci\u00f3n directa hasta la conservaci\u00f3n preventiva y el asesoramiento en planes de mantenimiento. Esta visi\u00f3n global permite garantizar la sostenibilidad de las actuaciones en el tiempo.<br \/>\n<b><br \/>Innovaci\u00f3n tecnol\u00f3gica:<\/b> la incorporaci\u00f3n de nuevas tecnolog\u00edas se integra de manera natural en nuestro trabajo. Utilizamos microscop\u00eda digital, an\u00e1lisis fisicoqu\u00edmicos, escaneado 3D y fotogrametr\u00eda, complementando las t\u00e9cnicas tradicionales con herramientas de vanguardia.<br \/>\n<b><br \/>Colaboraci\u00f3n y difusi\u00f3n: <\/b>defendemos un modelo de trabajo colaborativo y multidisciplinar, en el que restauradores, arque\u00f3logos, arquitectos e historiadores aportan su visi\u00f3n para enriquecer cada proyecto. Tambi\u00e9n creemos en la importancia de la transferencia de conocimiento, y participamos en actividades formativas y divulgativas que contribuyen a sensibilizar a la sociedad sobre el valor de la conservaci\u00f3n.<\/p>\n<\/div><\/div><\/div><\/div><\/div><\/div><\/div><\/div><div class=\"n2-ss-layer n2-ow n2-ss-layer--block n2-ss-has-self-align n2-ss-stretch-layer n-uc-1680fd200680e\" data-pm=\"normal\" data-sstype=\"row\"><div class=\"n2-ss-layer-row n2-ss-layer-with-background n-uc-1680fd200680e-inner\"><div class=\"n2-ss-layer-row-inner \"><div class=\"n2-ss-layer n2-ow n-uc-19a56455f7e53\" data-pm=\"default\" data-sstype=\"col\"><div class=\"n2-ss-layer-col n2-ss-layer-with-background n2-ss-layer-content n-uc-19a56455f7e53-inner\"><div class=\"n2-ss-layer n2-ow n-uc-1343af4bc2342\" data-pm=\"normal\" data-sstype=\"layer\"><div class=\" n2-ss-item-image-content n2-ss-item-content n2-ow-all\"><img loading=\"lazy\" decoding=\"async\" id=\"n2-ss-5item9\" alt=\"\" class=\"skip-lazy\" width=\"1920\" height=\"2560\" data-skip-lazy=\"1\" src=\"\/\/centmans.com\/index\/wp-content\/uploads\/2023\/09\/Fig-11-scaled.jpg\" \/><\/div><\/div><div class=\"n2-ss-layer n2-ow n-uc-074r611C0J0F\" data-pm=\"normal\" data-sstype=\"layer\"><div class=\" n2-ss-item-image-content n2-ss-item-content n2-ow-all\"><img loading=\"lazy\" decoding=\"async\" id=\"n2-ss-5item10\" alt=\"\" class=\"skip-lazy\" width=\"2560\" height=\"1920\" data-skip-lazy=\"1\" src=\"\/\/centmans.com\/index\/wp-content\/uploads\/2023\/09\/P6132501-scaled.jpg\" \/><\/div><\/div><div class=\"n2-ss-layer n2-ow n-uc-EAtoXgufL8pD\" data-pm=\"normal\" data-sstype=\"layer\"><div class=\" n2-ss-item-image-content n2-ss-item-content n2-ow-all\"><img loading=\"lazy\" decoding=\"async\" id=\"n2-ss-5item11\" alt=\"\" class=\"skip-lazy\" width=\"1440\" height=\"2560\" data-skip-lazy=\"1\" src=\"\/\/centmans.com\/index\/wp-content\/uploads\/2023\/09\/IMG_20180727_112123-scaled.jpg\" \/><\/div><\/div><div class=\"n2-ss-layer n2-ow n-uc-bJSvRuB6YULl\" data-pm=\"normal\" data-sstype=\"layer\"><div class=\" n2-ss-item-image-content n2-ss-item-content n2-ow-all\"><img loading=\"lazy\" decoding=\"async\" id=\"n2-ss-5item12\" alt=\"\" class=\"skip-lazy\" width=\"1920\" height=\"2560\" data-skip-lazy=\"1\" src=\"\/\/centmans.com\/index\/wp-content\/uploads\/2023\/09\/P5270005-scaled.jpg\" \/><\/div><\/div><\/div><\/div><div class=\"n2-ss-layer n2-ow n-uc-149a4f55c7993\" data-pm=\"default\" data-sstype=\"col\"><div class=\"n2-ss-layer-col n2-ss-layer-with-background n2-ss-layer-content n-uc-149a4f55c7993-inner\"><div class=\"n2-ss-layer n2-ow n-uc-oj0uxcbyik3f\" data-pm=\"normal\" data-sstype=\"layer\"><div class=\" n2-ss-item-image-content n2-ss-item-content n2-ow-all\"><img loading=\"lazy\" decoding=\"async\" id=\"n2-ss-5item13\" alt=\"\" class=\"skip-lazy\" width=\"2048\" height=\"1536\" data-skip-lazy=\"1\" src=\"\/\/centmans.com\/index\/wp-content\/uploads\/2023\/09\/P1130092.jpg\" \/><\/div><\/div><div class=\"n2-ss-layer n2-ow n-uc-623ac2N6owmB\" data-pm=\"normal\" data-sstype=\"layer\"><div class=\" n2-ss-item-image-content n2-ss-item-content n2-ow-all\"><img loading=\"lazy\" decoding=\"async\" id=\"n2-ss-5item14\" alt=\"\" class=\"skip-lazy\" width=\"2560\" height=\"1920\" data-skip-lazy=\"1\" src=\"\/\/centmans.com\/index\/wp-content\/uploads\/2023\/09\/imatges-003-scaled.jpg\" \/><\/div><\/div><div class=\"n2-ss-layer n2-ow n-uc-Pm81p1Ilyogu\" data-pm=\"normal\" data-sstype=\"layer\"><div class=\" n2-ss-item-image-content n2-ss-item-content n2-ow-all\"><img loading=\"lazy\" decoding=\"async\" id=\"n2-ss-5item15\" alt=\"\" class=\"skip-lazy\" width=\"1920\" height=\"2560\" data-skip-lazy=\"1\" src=\"\/\/centmans.com\/index\/wp-content\/uploads\/2023\/09\/IMG_20220117_114139-scaled.jpg\" \/><\/div><\/div><div class=\"n2-ss-layer n2-ow n-uc-TJqr01YlqTJt\" data-pm=\"normal\" data-sstype=\"layer\"><div class=\" n2-ss-item-image-content n2-ss-item-content n2-ow-all\"><img loading=\"lazy\" decoding=\"async\" id=\"n2-ss-5item16\" alt=\"\" class=\"skip-lazy\" width=\"2560\" height=\"1920\" data-skip-lazy=\"1\" src=\"\/\/centmans.com\/index\/wp-content\/uploads\/2023\/09\/IMG_2540-scaled.jpg\" \/><\/div><\/div><div class=\"n2-ss-layer n2-ow n-uc-UKhcaudd0WrK\" data-pm=\"normal\" data-sstype=\"layer\"><div class=\" n2-ss-item-image-content n2-ss-item-content n2-ow-all\"><img loading=\"lazy\" decoding=\"async\" id=\"n2-ss-5item17\" alt=\"\" class=\"skip-lazy\" width=\"2560\" height=\"1920\" data-skip-lazy=\"1\" src=\"\/\/centmans.com\/index\/wp-content\/uploads\/2023\/09\/P1050995-scaled.jpg\" \/><\/div><\/div><div class=\"n2-ss-layer n2-ow n-uc-qOIFwwO7XeDH\" data-pm=\"normal\" data-sstype=\"layer\"><div class=\" n2-ss-item-image-content n2-ss-item-content n2-ow-all\"><img loading=\"lazy\" decoding=\"async\" id=\"n2-ss-5item18\" alt=\"\" class=\"skip-lazy\" width=\"1632\" height=\"1224\" data-skip-lazy=\"1\" src=\"\/\/centmans.com\/index\/wp-content\/uploads\/2023\/09\/FullSizeRender.jpg\" \/><\/div><\/div><\/div><\/div><\/div><\/div><\/div><div class=\"n2-ss-layer n2-ow n-uc-17343a1c906fb\" data-pm=\"normal\" data-sstype=\"layer\"><div class=\" n2-ss-item-image-content n2-ss-item-content n2-ow-all\"><img loading=\"lazy\" decoding=\"async\" id=\"n2-ss-5item19\" alt=\"\" class=\"skip-lazy\" width=\"2560\" height=\"1440\" data-skip-lazy=\"1\" src=\"\/\/centmans.com\/index\/wp-content\/uploads\/2023\/09\/IMG_20180613_130808-scaled.jpg\" \/><\/div><\/div><div class=\"n2-ss-layer n2-ow n-uc-utt2rrmH7mol\" data-pm=\"normal\" data-sstype=\"layer\"><div class=\" n2-ss-item-image-content n2-ss-item-content n2-ow-all\"><img loading=\"lazy\" decoding=\"async\" id=\"n2-ss-5item20\" alt=\"\" class=\"skip-lazy\" width=\"750\" height=\"82\" data-skip-lazy=\"1\" src=\"\/\/centmans.com\/index\/wp-content\/uploads\/2023\/09\/separador.png\" \/><\/div><\/div><div class=\"n2-ss-layer n2-ow n-uc-jdVE3YiMlnDh\" data-pm=\"normal\" data-sstype=\"layer\"><div class=\"n2-ss-item-content n2-ss-text n2-ow-all\"><div class=\"\"><\/div><\/div><\/div><div class=\"n2-ss-layer n2-ow n-uc-cKSCs4toSsNK\" data-pm=\"normal\" data-sstype=\"layer\"><div class=\"n2-ss-item-content n2-ss-text n2-ow-all\"><div class=\"\"><p class=\"n2-font-9c0743ed9d11f8296cfca418dfa268e5-paragraph   \">Contacta con <a href=\"http:\/\/centmans.com\/index\/quienes-somos\/\">CENTMANS<\/a> para obtener m\u00e1s informaci\u00f3n, requerir alguno de nuestros servicios, colaborar en proyectos o ser parte de nuestro esfuerzo conjunto por la cultura.<br \/>\n<i><a href=\"mailto:info@centmans.com\">info@centmans.com<\/a><\/i><\/p>\n<\/div><\/div><\/div><div class=\"n2-ss-layer n2-ow n-uc-WAoYpA1g9U7A\" data-pm=\"normal\" data-sstype=\"layer\"><div class=\" n2-ss-item-image-content n2-ss-item-content n2-ow-all\"><a href=\"http:\/\/centmans.com\/index\/restauracion\/\"><img loading=\"lazy\" decoding=\"async\" id=\"n2-ss-5item23\" alt=\"\" class=\"skip-lazy\" width=\"1076\" height=\"1087\" data-skip-lazy=\"1\" src=\"\/\/centmans.com\/index\/wp-content\/uploads\/2023\/08\/imago-WWW.png\" \/><\/a><\/div><\/div><\/div><\/div><\/div><\/div><\/div>                    <\/div>\n\n                                    <\/div>\n            <\/div>\n        <\/div>\n        <\/div><ss3-loader><\/ss3-loader><\/div><\/div><div class=\"n2_clear\"><\/div><\/div><\/ss3-force-full-width><\/div>","protected":false},"excerpt":{"rendered":"","protected":false},"author":1,"featured_media":0,"parent":0,"menu_order":0,"comment_status":"closed","ping_status":"closed","template":"","meta":{"footnotes":""},"_links":{"self":[{"href":"https:\/\/centmans.com\/index\/wp-json\/wp\/v2\/pages\/53"}],"collection":[{"href":"https:\/\/centmans.com\/index\/wp-json\/wp\/v2\/pages"}],"about":[{"href":"https:\/\/centmans.com\/index\/wp-json\/wp\/v2\/types\/page"}],"author":[{"embeddable":true,"href":"https:\/\/centmans.com\/index\/wp-json\/wp\/v2\/users\/1"}],"replies":[{"embeddable":true,"href":"https:\/\/centmans.com\/index\/wp-json\/wp\/v2\/comments?post=53"}],"version-history":[{"count":2,"href":"https:\/\/centmans.com\/index\/wp-json\/wp\/v2\/pages\/53\/revisions"}],"predecessor-version":[{"id":194,"href":"https:\/\/centmans.com\/index\/wp-json\/wp\/v2\/pages\/53\/revisions\/194"}],"wp:attachment":[{"href":"https:\/\/centmans.com\/index\/wp-json\/wp\/v2\/media?parent=53"}],"curies":[{"name":"wp","href":"https:\/\/api.w.org\/{rel}","templated":true}]}}