{"id":56,"date":"2023-08-24T17:31:59","date_gmt":"2023-08-24T17:31:59","guid":{"rendered":"http:\/\/centmans.com\/index\/?page_id=56"},"modified":"2023-09-05T14:52:01","modified_gmt":"2023-09-05T14:52:01","slug":"divulgacion","status":"publish","type":"page","link":"https:\/\/centmans.com\/index\/divulgacion\/","title":{"rendered":"Divulgaci\u00f3n"},"content":{"rendered":"<div class=\"n2_clear\"><ss3-force-full-width data-overflow-x=\"body\" data-horizontal-selector=\"body\"><div class=\"n2-section-smartslider fitvidsignore  n2_clear\" data-ssid=\"9\"><div id=\"n2-ss-9-align\" class=\"n2-ss-align\"><div class=\"n2-padding\"><div id=\"n2-ss-9\" data-creator=\"Smart Slider 3\" data-responsive=\"fullwidth\" class=\"n2-ss-slider n2-ow n2-has-hover n2notransition  \">\n        <div class=\"n2-ss-slider-1 n2_ss__touch_element n2-ow\">\n            <div class=\"n2-ss-slider-2 n2-ow\">\n                                                    <div class=\"n2-ss-background-animation n2-ow\"><\/div>\n                                <div class=\"n2-ss-slider-3 n2-ow\">\n\n                    <div class=\"n2-ss-slide-backgrounds n2-ow-all\"><div class=\"n2-ss-slide-background\" data-public-id=\"1\" data-mode=\"fill\"><div class=\"n2-ss-slide-background-image\" data-blur=\"1\" data-opacity=\"40\" data-x=\"48\" data-y=\"47\" data-alt=\"\" data-title=\"\" style=\"opacity:0.4;--ss-o-pos-x:48%;--ss-o-pos-y:47%\"><picture class=\"skip-lazy\" data-skip-lazy=\"1\"><img decoding=\"async\" src=\"\/\/centmans.com\/index\/wp-content\/uploads\/2023\/08\/AF8515.jpg\" alt=\"\" title=\"\" loading=\"lazy\" class=\"skip-lazy\" data-skip-lazy=\"1\"><\/picture><\/div><div data-color=\"RGBA(0,0,0,1)\" style=\"background-color: RGBA(0,0,0,1);\" class=\"n2-ss-slide-background-color\"><\/div><\/div><\/div>                    <div class=\"n2-ss-slider-4 n2-ow\">\n                        <svg xmlns=\"http:\/\/www.w3.org\/2000\/svg\" viewBox=\"0 0 1920 800\" data-related-device=\"desktopPortrait\" class=\"n2-ow n2-ss-preserve-size n2-ss-preserve-size--slider n2-ss-slide-limiter\"><\/svg><div data-first=\"1\" data-slide-duration=\"0\" data-id=\"32\" data-slide-public-id=\"1\" data-title=\"AC4382-1\" class=\"n2-ss-slide n2-ow  n2-ss-slide-32\"><div role=\"note\" class=\"n2-ss-slide--focus\" tabindex=\"-1\">AC4382-1<\/div><div class=\"n2-ss-layers-container n2-ss-slide-limiter n2-ow\"><div class=\"n2-ss-layer n2-ow n-uc-HPvOlwiMwLLL\" data-sstype=\"slide\" data-pm=\"default\"><div class=\"n2-ss-layer n2-ow n-uc-9fVTnEhkXn95\" data-pm=\"default\" data-sstype=\"content\" data-hasbackground=\"0\"><div class=\"n2-ss-section-main-content n2-ss-layer-with-background n2-ss-layer-content n2-ow n-uc-9fVTnEhkXn95-inner\"><div class=\"n2-ss-layer n2-ow n2-ss-layer--block n2-ss-has-self-align n-uc-pRK8gdU2YrQc\" data-pm=\"normal\" data-sstype=\"row\"><div class=\"n2-ss-layer-row n2-ss-layer-with-background n-uc-pRK8gdU2YrQc-inner\"><div class=\"n2-ss-layer-row-inner \"><div class=\"n2-ss-layer n2-ow n-uc-DT5kapzKRSxR\" data-pm=\"default\" data-sstype=\"col\"><div class=\"n2-ss-layer-col n2-ss-layer-with-background n2-ss-layer-content n-uc-DT5kapzKRSxR-inner\"><div class=\"n2-ss-layer n2-ow n-uc-zi1J2fN4Nj97\" data-pm=\"normal\" data-sstype=\"layer\"><div id=\"n2-ss-9item1\" class=\"  n2-ss-item-content n2-ss-text n2-ow\" style=\"display:block;white-space:nowrap;\"><a class=\"n2-ow n2-font-b9a684d1182854be017fee311c0304d0-hover \" style=\"display:block;\" href=\"http:\/\/centmans.com\/index\/arqueologia\/\">Divulgaci\u00f3n<\/a><\/div><\/div><\/div><\/div><div class=\"n2-ss-layer n2-ow n-uc-XYkEbgXmcunE\" data-pm=\"default\" data-sstype=\"col\"><div class=\"n2-ss-layer-col n2-ss-layer-with-background n2-ss-layer-content n-uc-XYkEbgXmcunE-inner\"><div class=\"n2-ss-layer n2-ow n-uc-9FFv6fv5rBxn\" data-pm=\"normal\" data-sstype=\"layer\"><div class=\" n2-ss-item-image-content n2-ss-item-content n2-ow-all\"><a href=\"http:\/\/centmans.com\/index\/arqueologia\/\"><img loading=\"lazy\" decoding=\"async\" id=\"n2-ss-9item2\" alt=\"\" class=\"skip-lazy\" width=\"1076\" height=\"1087\" data-skip-lazy=\"1\" src=\"\/\/centmans.com\/index\/wp-content\/uploads\/2023\/08\/imago-WWW.png\" \/><\/a><\/div><\/div><\/div><\/div><\/div><\/div><\/div><div class=\"n2-ss-layer n2-ow n-uc-mFnxUZ50qChp\" data-pm=\"normal\" data-sstype=\"layer\"><div class=\"n2-ss-item-content n2-ss-text n2-ow-all\"><div class=\"\"><p class=\"n2-font-7fde82ad504e1cca7bd9c4af7d14a12e-paragraph   \">En <a href=\"http:\/\/centmans.com\/index\/quienes-somos\/\"><\/a><a href=\"#\"><b>CENTMANS<\/b><\/a> desarrollamos proyectos de divulgaci\u00f3n cultural y educativa orientados a la comprensi\u00f3n y puesta en valor del patrimonio. Dise\u00f1amos e implementamos dispositivos, contenidos y programas para museos, yacimientos y centros educativos, combinando criterios pedag\u00f3gicos, accesibilidad y recursos digitales para llegar a p\u00fablicos diversos.<\/p>\n<\/div><\/div><\/div><div class=\"n2-ss-layer n2-ow n-uc-Epz1WzxFtUeX\" style=\"overflow:hidden;\" data-pm=\"normal\" data-sstype=\"layer\" data-animatableselector=\".n2-ss-layer-mask\"><div class=\"n2-ss-layer-mask n2-ss-layer-wrapper\"><div class=\" n2-ss-item-image-content n2-ss-item-content n2-ow-all\"><img loading=\"lazy\" decoding=\"async\" id=\"n2-ss-9item4\" alt=\"\" class=\"skip-lazy\" width=\"2144\" height=\"1424\" data-skip-lazy=\"1\" src=\"\/\/centmans.com\/index\/wp-content\/uploads\/2023\/09\/DSC_7181.jpg\" \/><\/div><\/div><\/div><div class=\"n2-ss-layer n2-ow n-uc-S29VHJlp5orx\" data-pm=\"normal\" data-sstype=\"layer\"><div class=\"n2-ss-item-content n2-ss-text n2-ow-all\"><div class=\"\"><p class=\"n2-font-b4b52194f542ec598eb8ccfbbe98c621-paragraph   \"><b>Nuestros servicios de divulgaci\u00f3n:<br \/>\n<\/b><br \/><b>\u2022\tPROYECTOS DE MUSEALIZACI\u00d3N<\/b><br \/>\nTransformamos espacios en experiencias educativas, dise\u00f1ando y ejecutando proyectos que invitan a recorrer la historia, la ciencia y la cultura de manera atractiva e interactiva.<br \/>\n<br \/><b>\u2022\tCREACI\u00d3N Y EDICI\u00d3N DE MATERIAL EDUCATIVO Y DIVULGATIVO<\/b><br \/>\nElaboramos recursos para distintos p\u00fablicos: libros, cuadernos did\u00e1cticos, gu\u00edas de visita y contenidos digitales, con enfoque riguroso y accesible.<br \/>\n<br \/><b>\u2022\tACTIVIDADES DIRIGIDAS A CENTROS EDUCATIVOS<\/b><br \/>\nOrganizamos talleres, visitas y programas escolares que convierten la educaci\u00f3n en una experiencia participativa y significativa.<br \/>\n<br \/><b>\u2022\tRECREACIONES VIRTUALES Y REALIDAD AUMENTADA<\/b><br \/>\nDesarrollamos experiencias inmersivas que permiten interpretar el patrimonio mediante tecnolog\u00edas de realidad virtual y aumentada.<\/p>\n<\/div><\/div><\/div><div class=\"n2-ss-layer n2-ow n-uc-AIZIHpxN3JBe\" data-pm=\"normal\" data-sstype=\"layer\"><div class=\" n2-ss-item-image-content n2-ss-item-content n2-ow-all\"><img loading=\"lazy\" decoding=\"async\" id=\"n2-ss-9item6\" alt=\"\" class=\"skip-lazy\" width=\"750\" height=\"82\" data-skip-lazy=\"1\" src=\"\/\/centmans.com\/index\/wp-content\/uploads\/2023\/09\/separador2.png\" \/><\/div><\/div><div class=\"n2-ss-layer n2-ow n2-ss-layer--block n2-ss-has-self-align n2-ss-stretch-layer n-uc-ZF5837infqsm\" data-pm=\"normal\" data-sstype=\"row\"><div class=\"n2-ss-layer-row n2-ss-layer-with-background n-uc-ZF5837infqsm-inner\"><div class=\"n2-ss-layer-row-inner \"><div class=\"n2-ss-layer n2-ow n-uc-c6tMipI5F2ok\" data-pm=\"default\" data-sstype=\"col\"><div class=\"n2-ss-layer-col n2-ss-layer-with-background n2-ss-layer-content n-uc-c6tMipI5F2ok-inner\"><div class=\"n2-ss-layer n2-ow n-uc-10DdNS1lbTBZ\" data-pm=\"normal\" data-sstype=\"layer\"><div class=\"n2-ss-item-content n2-ss-text n2-ow-all\"><div class=\"\"><p class=\"n2-font-7fde82ad504e1cca7bd9c4af7d14a12e-paragraph   \"><b>Por qu\u00e9 elegirnos:<\/b><br \/>\n<br \/><b>Educaci\u00f3n transformadora:<\/b> nuestros enfoques creativos despiertan el inter\u00e9s y la comprensi\u00f3n, dejando una impresi\u00f3n duradera en los estudiantes.<br \/>\n<br \/><b>Experiencia e innovaci\u00f3n:<\/b> combinamos la experiencia en educaci\u00f3n con la innovaci\u00f3n tecnol\u00f3gica para brindar soluciones de vanguardia.<br \/>\n<br \/><b>Aprendizaje significativo:<\/b> cada recurso y actividad est\u00e1 dise\u00f1ado para inspirar la curiosidad y el pensamiento cr\u00edtico.<br \/>\n<br \/><b>Colaboraci\u00f3n educativa: <\/b>trabajamos junto a docentes y expertos para crear propuestas que se adapten a las necesidades reales de cada aula y p\u00fablico<br \/>\n<br \/>\n<b>Accesibilidad y diversidad:<\/b> dise\u00f1amos materiales y actividades inclusivas, pensadas para diferentes edades y contextos, asegurando un aprendizaje enriquecedor para todos.<\/p>\n<\/div><\/div><\/div><\/div><\/div><div class=\"n2-ss-layer n2-ow n-uc-LmFWfCoYqYDP\" data-pm=\"default\" data-sstype=\"col\"><div class=\"n2-ss-layer-col n2-ss-layer-with-background n2-ss-layer-content n-uc-LmFWfCoYqYDP-inner\"><div class=\"n2-ss-layer n2-ow n-uc-GAvJd0yDJT54\" data-pm=\"normal\" data-sstype=\"layer\"><div class=\" n2-ss-item-image-content n2-ss-item-content n2-ow-all\"><img loading=\"lazy\" decoding=\"async\" id=\"n2-ss-9item8\" alt=\"\" class=\"skip-lazy\" width=\"1851\" height=\"2560\" data-skip-lazy=\"1\" src=\"\/\/centmans.com\/index\/wp-content\/uploads\/2023\/09\/BARBARIA-ARQUEOLOGIA-Finale-3-scaled.jpg\" \/><\/div><\/div><\/div><\/div><\/div><\/div><\/div><div class=\"n2-ss-layer n2-ow n2-ss-layer--block n2-ss-has-self-align n2-ss-stretch-layer n-uc-1d00e8f50d04a\" data-pm=\"normal\" data-sstype=\"row\"><div class=\"n2-ss-layer-row n2-ss-layer-with-background n-uc-1d00e8f50d04a-inner\"><div class=\"n2-ss-layer-row-inner \"><div class=\"n2-ss-layer n2-ow n-uc-10d2594fe43b0\" data-pm=\"default\" data-sstype=\"col\"><div class=\"n2-ss-layer-col n2-ss-layer-with-background n2-ss-layer-content n-uc-10d2594fe43b0-inner\"><div class=\"n2-ss-layer n2-ow n-uc-1PlFIC0P3EUH\" data-pm=\"normal\" data-sstype=\"layer\"><div class=\" n2-ss-item-image-content n2-ss-item-content n2-ow-all\"><img loading=\"lazy\" decoding=\"async\" id=\"n2-ss-9item9\" alt=\"\" class=\"skip-lazy\" width=\"1810\" height=\"2560\" data-skip-lazy=\"1\" src=\"\/\/centmans.com\/index\/wp-content\/uploads\/2023\/09\/CAP-DE-BARBARIA-GUIA-DEL-MESTRE-Finale-1-scaled.jpg\" \/><\/div><\/div><div class=\"n2-ss-layer n2-ow n-uc-2qLz5oEenzN1\" data-pm=\"normal\" data-sstype=\"layer\"><div class=\" n2-ss-item-image-content n2-ss-item-content n2-ow-all\"><img loading=\"lazy\" decoding=\"async\" id=\"n2-ss-9item10\" alt=\"\" class=\"skip-lazy\" width=\"1811\" height=\"2560\" data-skip-lazy=\"1\" src=\"\/\/centmans.com\/index\/wp-content\/uploads\/2023\/09\/Porta-guia-dida\u0300ctica-scaled.jpg\" \/><\/div><\/div><\/div><\/div><div class=\"n2-ss-layer n2-ow n-uc-115e4d93785b2\" data-pm=\"default\" data-sstype=\"col\"><div class=\"n2-ss-layer-col n2-ss-layer-with-background n2-ss-layer-content n-uc-115e4d93785b2-inner\"><div class=\"n2-ss-layer n2-ow n-uc-102e85c0b29f1\" data-pm=\"normal\" data-sstype=\"layer\"><div class=\" n2-ss-item-image-content n2-ss-item-content n2-ow-all\"><img loading=\"lazy\" decoding=\"async\" id=\"n2-ss-9item11\" alt=\"\" class=\"skip-lazy\" width=\"1810\" height=\"2560\" data-skip-lazy=\"1\" src=\"\/\/centmans.com\/index\/wp-content\/uploads\/2023\/09\/BARBARIA-ARQUEOLOGIA-Finale-1-scaled.jpg\" \/><\/div><\/div><div class=\"n2-ss-layer n2-ow n-uc-15713d7fe0811\" data-pm=\"normal\" data-sstype=\"layer\"><div class=\" n2-ss-item-image-content n2-ss-item-content n2-ow-all\"><img loading=\"lazy\" decoding=\"async\" id=\"n2-ss-9item12\" alt=\"\" class=\"skip-lazy\" width=\"1808\" height=\"2560\" data-skip-lazy=\"1\" src=\"\/\/centmans.com\/index\/wp-content\/uploads\/2023\/09\/Pa\u0300ginas-16-i-17-scaled.jpg\" \/><\/div><\/div><\/div><\/div><\/div><\/div><\/div><div class=\"n2-ss-layer n2-ow n-uc-OeV2usmb9aGy\" data-pm=\"normal\" data-sstype=\"layer\"><div class=\" n2-ss-item-image-content n2-ss-item-content n2-ow-all\"><img loading=\"lazy\" decoding=\"async\" id=\"n2-ss-9item13\" alt=\"\" class=\"skip-lazy\" width=\"2560\" height=\"1440\" data-skip-lazy=\"1\" src=\"\/\/centmans.com\/index\/wp-content\/uploads\/2023\/09\/IMG_20200202_132420-scaled.jpg\" \/><\/div><\/div><div class=\"n2-ss-layer n2-ow n-uc-dvMFpMUAcm1n\" data-pm=\"normal\" data-sstype=\"layer\"><div class=\" n2-ss-item-image-content n2-ss-item-content n2-ow-all\"><img loading=\"lazy\" decoding=\"async\" id=\"n2-ss-9item14\" alt=\"\" class=\"skip-lazy\" width=\"2560\" height=\"1928\" data-skip-lazy=\"1\" src=\"\/\/centmans.com\/index\/wp-content\/uploads\/2023\/09\/1694179180919-scaled.jpg\" \/><\/div><\/div><div class=\"n2-ss-layer n2-ow n-uc-z3SdXxw3woDC\" data-pm=\"normal\" data-sstype=\"layer\"><div class=\" n2-ss-item-image-content n2-ss-item-content n2-ow-all\"><img loading=\"lazy\" decoding=\"async\" id=\"n2-ss-9item15\" alt=\"\" class=\"skip-lazy\" width=\"750\" height=\"82\" data-skip-lazy=\"1\" src=\"\/\/centmans.com\/index\/wp-content\/uploads\/2023\/09\/separador.png\" \/><\/div><\/div><div class=\"n2-ss-layer n2-ow n-uc-vyCIOoNCLBUh\" data-pm=\"normal\" data-sstype=\"layer\"><div class=\"n2-ss-item-content n2-ss-text n2-ow-all\"><div class=\"\"><\/div><\/div><\/div><div class=\"n2-ss-layer n2-ow n-uc-RZleeB7NeTJX\" data-pm=\"normal\" data-sstype=\"layer\"><div class=\"n2-ss-item-content n2-ss-text n2-ow-all\"><div class=\"\"><p class=\"n2-font-df3f47770b1b36da69210d8aa16b27c5-paragraph   \">Contacta con <a href=\"http:\/\/centmans.com\/index\/quienes-somos\/\">CENTMANS<\/a> para obtener m\u00e1s informaci\u00f3n, requerir alguno de nuestros servicios, colaborar en proyectos o ser parte de nuestro esfuerzo conjunto por la cultura.<br \/>\n<i><a href=\"mailto:info@centmans.com\">info@centmans.com<\/a><\/i><\/p>\n<\/div><\/div><\/div><div class=\"n2-ss-layer n2-ow n-uc-MAgWlvZeYtOi\" data-pm=\"normal\" data-sstype=\"layer\"><div class=\" n2-ss-item-image-content n2-ss-item-content n2-ow-all\"><a href=\"http:\/\/centmans.com\/index\/arqueologia\/\"><img loading=\"lazy\" decoding=\"async\" id=\"n2-ss-9item18\" alt=\"\" class=\"skip-lazy\" width=\"1076\" height=\"1087\" data-skip-lazy=\"1\" src=\"\/\/centmans.com\/index\/wp-content\/uploads\/2023\/08\/imago-WWW.png\" \/><\/a><\/div><\/div><\/div><\/div><\/div><\/div><\/div>                    <\/div>\n\n                                    <\/div>\n            <\/div>\n        <\/div>\n        <\/div><ss3-loader><\/ss3-loader><\/div><\/div><div class=\"n2_clear\"><\/div><\/div><\/ss3-force-full-width><\/div>","protected":false},"excerpt":{"rendered":"","protected":false},"author":1,"featured_media":0,"parent":0,"menu_order":0,"comment_status":"closed","ping_status":"closed","template":"","meta":{"footnotes":""},"_links":{"self":[{"href":"https:\/\/centmans.com\/index\/wp-json\/wp\/v2\/pages\/56"}],"collection":[{"href":"https:\/\/centmans.com\/index\/wp-json\/wp\/v2\/pages"}],"about":[{"href":"https:\/\/centmans.com\/index\/wp-json\/wp\/v2\/types\/page"}],"author":[{"embeddable":true,"href":"https:\/\/centmans.com\/index\/wp-json\/wp\/v2\/users\/1"}],"replies":[{"embeddable":true,"href":"https:\/\/centmans.com\/index\/wp-json\/wp\/v2\/comments?post=56"}],"version-history":[{"count":2,"href":"https:\/\/centmans.com\/index\/wp-json\/wp\/v2\/pages\/56\/revisions"}],"predecessor-version":[{"id":207,"href":"https:\/\/centmans.com\/index\/wp-json\/wp\/v2\/pages\/56\/revisions\/207"}],"wp:attachment":[{"href":"https:\/\/centmans.com\/index\/wp-json\/wp\/v2\/media?parent=56"}],"curies":[{"name":"wp","href":"https:\/\/api.w.org\/{rel}","templated":true}]}}