{"id":57,"date":"2023-08-24T17:31:59","date_gmt":"2023-08-24T17:31:59","guid":{"rendered":"http:\/\/centmans.com\/index\/?page_id=57"},"modified":"2023-09-05T15:58:03","modified_gmt":"2023-09-05T15:58:03","slug":"asesoramiento-direccion-de-proyectos","status":"publish","type":"page","link":"https:\/\/centmans.com\/index\/asesoramiento-direccion-de-proyectos\/","title":{"rendered":"Asesoramiento\/Direcci\u00f3n de proyectos"},"content":{"rendered":"<div class=\"n2_clear\"><ss3-force-full-width data-overflow-x=\"body\" data-horizontal-selector=\"body\"><div class=\"n2-section-smartslider fitvidsignore  n2_clear\" data-ssid=\"10\"><div id=\"n2-ss-10-align\" class=\"n2-ss-align\"><div class=\"n2-padding\"><div id=\"n2-ss-10\" data-creator=\"Smart Slider 3\" data-responsive=\"fullwidth\" class=\"n2-ss-slider n2-ow n2-has-hover n2notransition  \">\n        <div class=\"n2-ss-slider-1 n2_ss__touch_element n2-ow\">\n            <div class=\"n2-ss-slider-2 n2-ow\">\n                                                    <div class=\"n2-ss-background-animation n2-ow\"><\/div>\n                                <div class=\"n2-ss-slider-3 n2-ow\">\n\n                    <div class=\"n2-ss-slide-backgrounds n2-ow-all\"><div class=\"n2-ss-slide-background\" data-public-id=\"1\" data-mode=\"fill\"><div class=\"n2-ss-slide-background-image\" data-blur=\"1\" data-opacity=\"40\" data-x=\"48\" data-y=\"47\" data-alt=\"\" data-title=\"\" style=\"opacity:0.4;--ss-o-pos-x:48%;--ss-o-pos-y:47%\"><picture class=\"skip-lazy\" data-skip-lazy=\"1\"><img decoding=\"async\" src=\"\/\/centmans.com\/index\/wp-content\/uploads\/2023\/08\/AF8515.jpg\" alt=\"\" title=\"\" loading=\"lazy\" class=\"skip-lazy\" data-skip-lazy=\"1\"><\/picture><\/div><div data-color=\"RGBA(0,0,0,1)\" style=\"background-color: RGBA(0,0,0,1);\" class=\"n2-ss-slide-background-color\"><\/div><\/div><\/div>                    <div class=\"n2-ss-slider-4 n2-ow\">\n                        <svg xmlns=\"http:\/\/www.w3.org\/2000\/svg\" viewBox=\"0 0 1920 800\" data-related-device=\"desktopPortrait\" class=\"n2-ow n2-ss-preserve-size n2-ss-preserve-size--slider n2-ss-slide-limiter\"><\/svg><div data-first=\"1\" data-slide-duration=\"0\" data-id=\"33\" data-slide-public-id=\"1\" data-title=\"AC4382-1\" class=\"n2-ss-slide n2-ow  n2-ss-slide-33\"><div role=\"note\" class=\"n2-ss-slide--focus\" tabindex=\"-1\">AC4382-1<\/div><div class=\"n2-ss-layers-container n2-ss-slide-limiter n2-ow\"><div class=\"n2-ss-layer n2-ow n-uc-PRJGhbWfRjQo\" data-sstype=\"slide\" data-pm=\"default\"><div class=\"n2-ss-layer n2-ow n-uc-WfSJxrNOrxM2\" data-pm=\"default\" data-sstype=\"content\" data-hasbackground=\"0\"><div class=\"n2-ss-section-main-content n2-ss-layer-with-background n2-ss-layer-content n2-ow n-uc-WfSJxrNOrxM2-inner\"><div class=\"n2-ss-layer n2-ow n2-ss-layer--block n2-ss-has-self-align n-uc-XacPtCECHjVV\" data-pm=\"normal\" data-sstype=\"row\"><div class=\"n2-ss-layer-row n2-ss-layer-with-background n-uc-XacPtCECHjVV-inner\"><div class=\"n2-ss-layer-row-inner \"><div class=\"n2-ss-layer n2-ow n-uc-p7FYveKH8ZQr\" data-pm=\"default\" data-sstype=\"col\"><div class=\"n2-ss-layer-col n2-ss-layer-with-background n2-ss-layer-content n-uc-p7FYveKH8ZQr-inner\"><div class=\"n2-ss-layer n2-ow n-uc-MpGLBD8MR1p0\" data-pm=\"normal\" data-sstype=\"layer\"><div id=\"n2-ss-10item1\" class=\"  n2-ss-item-content n2-ss-text n2-ow\" style=\"display:block;white-space:nowrap;\"><a class=\"n2-ow n2-font-99523c71d8a0a0dd0e20cee8bbf634b4-hover \" style=\"display:block;\" href=\"http:\/\/centmans.com\/index\/arqueologia\/\">ASESORAMIENTO Y <br>REDACCI\u00d3N DE PROYECTOS<\/a><\/div><\/div><\/div><\/div><div class=\"n2-ss-layer n2-ow n-uc-T2cpbPIIm7t9\" data-pm=\"default\" data-sstype=\"col\"><div class=\"n2-ss-layer-col n2-ss-layer-with-background n2-ss-layer-content n-uc-T2cpbPIIm7t9-inner\"><div class=\"n2-ss-layer n2-ow n-uc-wcp8Yd9AOgbj\" data-pm=\"normal\" data-sstype=\"layer\"><div class=\" n2-ss-item-image-content n2-ss-item-content n2-ow-all\"><a href=\"http:\/\/centmans.com\/index\/arqueologia\/\"><img loading=\"lazy\" decoding=\"async\" id=\"n2-ss-10item2\" alt=\"\" class=\"skip-lazy\" width=\"1076\" height=\"1087\" data-skip-lazy=\"1\" src=\"\/\/centmans.com\/index\/wp-content\/uploads\/2023\/08\/imago-WWW.png\" \/><\/a><\/div><\/div><\/div><\/div><\/div><\/div><\/div><div class=\"n2-ss-layer n2-ow n-uc-hNumVsVk1b5b\" data-pm=\"normal\" data-sstype=\"layer\"><div class=\"n2-ss-item-content n2-ss-text n2-ow-all\"><div class=\"\"><p class=\"n2-font-7fde82ad504e1cca7bd9c4af7d14a12e-paragraph   \">En <a href=\"http:\/\/centmans.com\/index\/quienes-somos\/\"><\/a><a href=\"#\"><b>CENTMANS<\/b><\/a> ofrecemos servicios especializados de asesoramiento y redacci\u00f3n de proyectos en el \u00e1mbito del patrimonio cultural y la restauraci\u00f3n. Nuestro objetivo es transformar ideas en proyectos concretos, sostenibles y culturalmente enriquecedores, aportando rigor t\u00e9cnico, planificaci\u00f3n estrat\u00e9gica y conocimiento interdisciplinar.<\/p>\n<\/div><\/div><\/div><div class=\"n2-ss-layer n2-ow n-uc-du26cmzGZ4v9\" data-pm=\"normal\" data-sstype=\"layer\"><div class=\"n2-ss-item-content n2-ss-text n2-ow-all\"><div class=\"\"><p class=\"n2-font-b4b52194f542ec598eb8ccfbbe98c621-paragraph   \"><b>Nuestros servicios de asesoramiento y redacci\u00f3n de proyectos:<\/b><br \/>\n<br \/><b>\u2022\tESTUDIOS DE IMPACTO<\/b><br \/>\nEvaluamos de manera exhaustiva el impacto de intervenciones y proyectos sobre el patrimonio, asegurando la identificaci\u00f3n de riesgos, la propuesta de medidas correctoras y el cumplimiento de normativa vigente. Nuestros estudios combinan an\u00e1lisis t\u00e9cnicos, sociales y ambientales para garantizar resultados sostenibles.<br \/>\n<br \/><b>\u2022\tREDACCI\u00d3N Y DIRECCI\u00d3N DE PROYECTOS DE RESTAURACI\u00d3N<\/b><br \/>\nDesarrollamos proyectos completos de restauraci\u00f3n, incluyendo planificaci\u00f3n, coordinaci\u00f3n de equipos multidisciplinares, presupuestos, cronogramas y documentaci\u00f3n t\u00e9cnica. Nuestro enfoque busca preservar la autenticidad y los valores hist\u00f3ricos de los edificios y elementos patrimoniales.<br \/>\n<br \/><b>\u2022\tESTUDIOS DE RECUPERACI\u00d3N DE ELEMENTOS ETNOGR\u00c1FICOS<\/b><br \/>\nRealizamos identificaci\u00f3n, documentaci\u00f3n y an\u00e1lisis de elementos etnogr\u00e1ficos, proponiendo estrategias de conservaci\u00f3n y recuperaci\u00f3n que permitan preservar su significado cultural y facilitar su difusi\u00f3n a las futuras generaciones.<\/p>\n<\/div><\/div><\/div><div class=\"n2-ss-layer n2-ow n-uc-fVT9ld5R2lnW\" style=\"overflow:hidden;\" data-pm=\"normal\" data-sstype=\"layer\"><div class=\" n2-ss-item-image-content n2-ss-item-content n2-ow-all\"><img loading=\"lazy\" decoding=\"async\" id=\"n2-ss-10item5\" alt=\"\" class=\"skip-lazy\" width=\"2048\" height=\"1152\" data-skip-lazy=\"1\" src=\"\/\/centmans.com\/index\/wp-content\/uploads\/2023\/09\/1640121002803.jpg\" \/><\/div><\/div><div class=\"n2-ss-layer n2-ow n2-ss-layer--block n2-ss-has-self-align n2-ss-stretch-layer n-uc-LosUeczvPNRY\" data-pm=\"normal\" data-sstype=\"row\"><div class=\"n2-ss-layer-row n2-ss-layer-with-background n-uc-LosUeczvPNRY-inner\"><div class=\"n2-ss-layer-row-inner \"><div class=\"n2-ss-layer n2-ow n-uc-qN8wPtMNpW8x\" data-pm=\"default\" data-sstype=\"col\"><div class=\"n2-ss-layer-col n2-ss-layer-with-background n2-ss-layer-content n-uc-qN8wPtMNpW8x-inner\"><div class=\"n2-ss-layer n2-ow n-uc-lwijbMl770wH\" data-pm=\"normal\" data-sstype=\"layer\"><div class=\"n2-ss-item-content n2-ss-text n2-ow-all\"><div class=\"\"><p class=\"n2-font-b4b52194f542ec598eb8ccfbbe98c621-paragraph   \"><b>Por qu\u00e9 elegirnos:<\/b><br \/>\n<br \/><b>Experiencia y compromiso:<\/b> amplia trayectoria en asesoramiento, planificaci\u00f3n y direcci\u00f3n de proyectos patrimoniales, asegurando soluciones t\u00e9cnicas fiables y de alta calidad.<br \/>\n<br \/><b>Respeto al patrimonio: <\/b>cada intervenci\u00f3n se aborda considerando la autenticidad hist\u00f3rica y los valores culturales, garantizando que el proyecto sea coherente con el legado existente.<br \/>\n<br \/><b>Enfoque integral:<\/b> combinamos conocimientos t\u00e9cnicos, arqueol\u00f3gicos y de restauraci\u00f3n para ofrecer proyectos completos y coordinados, que contemplan todas las fases y aspectos del patrimonio.<br \/>\n<br \/><b>Innovaci\u00f3n responsable:<\/b> aplicamos metodolog\u00edas y herramientas innovadoras, incluyendo SIG, an\u00e1lisis digital y t\u00e9cnicas avanzadas de documentaci\u00f3n, sin comprometer la sostenibilidad ni la integridad del patrimonio.<br \/>\n<br \/><b>Coordinaci\u00f3n multidisciplinar:<\/b> trabajamos junto a arque\u00f3logos, restauradores, arquitectos y gestores culturales, asegurando una visi\u00f3n global y eficiente de cada proyecto.<\/p>\n<\/div><\/div><\/div><\/div><\/div><div class=\"n2-ss-layer n2-ow n-uc-fAyr0zU12PGn\" data-pm=\"default\" data-sstype=\"col\"><div class=\"n2-ss-layer-col n2-ss-layer-with-background n2-ss-layer-content n-uc-fAyr0zU12PGn-inner\"><div class=\"n2-ss-layer n2-ow n-uc-12c46fe101fa9\" style=\"overflow:hidden;\" data-pm=\"normal\" data-sstype=\"layer\"><div class=\" n2-ss-item-image-content n2-ss-item-content n2-ow-all\"><img loading=\"lazy\" decoding=\"async\" id=\"n2-ss-10item7\" alt=\"\" class=\"skip-lazy\" width=\"577\" height=\"632\" data-skip-lazy=\"1\" src=\"\/\/centmans.com\/index\/wp-content\/uploads\/2023\/09\/Mapeado-Parador.jpg\" \/><\/div><\/div><\/div><\/div><\/div><\/div><\/div><div class=\"n2-ss-layer n2-ow n-uc-g27pfKPZHMfC\" data-pm=\"normal\" data-sstype=\"layer\"><div class=\" n2-ss-item-image-content n2-ss-item-content n2-ow-all\"><img loading=\"lazy\" decoding=\"async\" id=\"n2-ss-10item8\" alt=\"\" class=\"skip-lazy\" width=\"2560\" height=\"1920\" data-skip-lazy=\"1\" src=\"\/\/centmans.com\/index\/wp-content\/uploads\/2023\/09\/P1120788-scaled.jpg\" \/><\/div><\/div><div class=\"n2-ss-layer n2-ow n-uc-15926cb44ccf7\" data-pm=\"normal\" data-sstype=\"layer\"><div class=\" n2-ss-item-image-content n2-ss-item-content n2-ow-all\"><img loading=\"lazy\" decoding=\"async\" id=\"n2-ss-10item9\" alt=\"\" class=\"skip-lazy\" width=\"2560\" height=\"1920\" data-skip-lazy=\"1\" src=\"\/\/centmans.com\/index\/wp-content\/uploads\/2023\/09\/P7130028-scaled.jpg\" \/><\/div><\/div><div class=\"n2-ss-layer n2-ow n2-ss-layer--block n2-ss-has-self-align n2-ss-stretch-layer n-uc-16e24789cdb00\" data-pm=\"normal\" data-sstype=\"row\"><div class=\"n2-ss-layer-row n2-ss-layer-with-background n-uc-16e24789cdb00-inner\"><div class=\"n2-ss-layer-row-inner \"><div class=\"n2-ss-layer n2-ow n-uc-1327c4cabbf49\" data-pm=\"default\" data-sstype=\"col\"><div class=\"n2-ss-layer-col n2-ss-layer-with-background n2-ss-layer-content n-uc-1327c4cabbf49-inner\"><div class=\"n2-ss-layer n2-ow n-uc-is3mrO6Q60xT\" data-pm=\"normal\" data-sstype=\"layer\"><div class=\" n2-ss-item-image-content n2-ss-item-content n2-ow-all\"><img loading=\"lazy\" decoding=\"async\" id=\"n2-ss-10item10\" alt=\"\" class=\"skip-lazy\" width=\"957\" height=\"863\" data-skip-lazy=\"1\" src=\"\/\/centmans.com\/index\/wp-content\/uploads\/2023\/09\/Untitled-1.jpg\" \/><\/div><\/div><\/div><\/div><div class=\"n2-ss-layer n2-ow n-uc-166d7c567ac82\" data-pm=\"default\" data-sstype=\"col\"><div class=\"n2-ss-layer-col n2-ss-layer-with-background n2-ss-layer-content n-uc-166d7c567ac82-inner\"><div class=\"n2-ss-layer n2-ow n-uc-E5Kzf218gjq9\" data-pm=\"normal\" data-sstype=\"layer\"><div class=\" n2-ss-item-image-content n2-ss-item-content n2-ow-all\"><img loading=\"lazy\" decoding=\"async\" id=\"n2-ss-10item11\" alt=\"\" class=\"skip-lazy\" width=\"2560\" height=\"1920\" data-skip-lazy=\"1\" src=\"\/\/centmans.com\/index\/wp-content\/uploads\/2023\/09\/PC230382-scaled.jpg\" \/><\/div><\/div><\/div><\/div><\/div><\/div><\/div><div class=\"n2-ss-layer n2-ow n-uc-jXrwugLoGLyk\" data-pm=\"normal\" data-sstype=\"layer\"><div class=\" n2-ss-item-image-content n2-ss-item-content n2-ow-all\"><img loading=\"lazy\" decoding=\"async\" id=\"n2-ss-10item12\" alt=\"\" class=\"skip-lazy\" width=\"750\" height=\"82\" data-skip-lazy=\"1\" src=\"\/\/centmans.com\/index\/wp-content\/uploads\/2023\/09\/separador.png\" \/><\/div><\/div><div class=\"n2-ss-layer n2-ow n-uc-vKXpApDyPcLP\" data-pm=\"normal\" data-sstype=\"layer\"><div class=\"n2-ss-item-content n2-ss-text n2-ow-all\"><div class=\"\"><\/div><\/div><\/div><div class=\"n2-ss-layer n2-ow n-uc-d8RvGF9lg10q\" data-pm=\"normal\" data-sstype=\"layer\"><div class=\"n2-ss-item-content n2-ss-text n2-ow-all\"><div class=\"\"><p class=\"n2-font-9c0743ed9d11f8296cfca418dfa268e5-paragraph   \">Contacta con <a href=\"http:\/\/centmans.com\/index\/quienes-somos\/\">CENTMANS<\/a> para obtener m\u00e1s informaci\u00f3n, requerir alguno de nuestros servicios, colaborar en proyectos o ser parte de nuestro esfuerzo conjunto por la cultura.<br \/>\n<i><a href=\"mailto:info@centmans.com\">info@centmans.com<\/a><\/i><\/p>\n<\/div><\/div><\/div><div class=\"n2-ss-layer n2-ow n-uc-g82oJCCPSMCK\" data-pm=\"normal\" data-sstype=\"layer\"><div class=\" n2-ss-item-image-content n2-ss-item-content n2-ow-all\"><a href=\"http:\/\/centmans.com\/index\/arqueologia\/\"><img loading=\"lazy\" decoding=\"async\" id=\"n2-ss-10item15\" alt=\"\" class=\"skip-lazy\" width=\"1076\" height=\"1087\" data-skip-lazy=\"1\" src=\"\/\/centmans.com\/index\/wp-content\/uploads\/2023\/08\/imago-WWW.png\" \/><\/a><\/div><\/div><\/div><\/div><\/div><\/div><\/div>                    <\/div>\n\n                                    <\/div>\n            <\/div>\n        <\/div>\n        <\/div><ss3-loader><\/ss3-loader><\/div><\/div><div class=\"n2_clear\"><\/div><\/div><\/ss3-force-full-width><\/div>","protected":false},"excerpt":{"rendered":"","protected":false},"author":1,"featured_media":0,"parent":0,"menu_order":0,"comment_status":"closed","ping_status":"closed","template":"","meta":{"footnotes":""},"_links":{"self":[{"href":"https:\/\/centmans.com\/index\/wp-json\/wp\/v2\/pages\/57"}],"collection":[{"href":"https:\/\/centmans.com\/index\/wp-json\/wp\/v2\/pages"}],"about":[{"href":"https:\/\/centmans.com\/index\/wp-json\/wp\/v2\/types\/page"}],"author":[{"embeddable":true,"href":"https:\/\/centmans.com\/index\/wp-json\/wp\/v2\/users\/1"}],"replies":[{"embeddable":true,"href":"https:\/\/centmans.com\/index\/wp-json\/wp\/v2\/comments?post=57"}],"version-history":[{"count":2,"href":"https:\/\/centmans.com\/index\/wp-json\/wp\/v2\/pages\/57\/revisions"}],"predecessor-version":[{"id":210,"href":"https:\/\/centmans.com\/index\/wp-json\/wp\/v2\/pages\/57\/revisions\/210"}],"wp:attachment":[{"href":"https:\/\/centmans.com\/index\/wp-json\/wp\/v2\/media?parent=57"}],"curies":[{"name":"wp","href":"https:\/\/api.w.org\/{rel}","templated":true}]}}